{"id":97,"date":"2025-08-11T13:31:18","date_gmt":"2025-08-11T18:31:18","guid":{"rendered":"https:\/\/vmrfirma.com.pe\/?page_id=97"},"modified":"2025-09-27T12:23:44","modified_gmt":"2025-09-27T17:23:44","slug":"contacto","status":"publish","type":"page","link":"https:\/\/vmrfirma.com.pe\/en\/contacto\/","title":{"rendered":"Contact Us"},"content":{"rendered":"<div class=\"wp-block-group alignfull has-background is-layout-constrained wp-block-group-is-layout-constrained\" style=\"background-color:#f8f8f8;padding-top:70px;padding-bottom:70px;\">\n    \n    <div class=\"wp-block-group alignwide is-content-justification-center is-layout-flex wp-container-core-group-is-layout-b02886af wp-block-group-is-layout-flex\" style=\"display:flex;flex-wrap:wrap;justify-content:center;align-items:flex-start;\">\n        \n        <div class=\"wp-block-group is-layout-flow wp-block-group-is-layout-flow\" style=\"padding-top:0;padding-bottom:0;padding-left:0;padding-right:0;flex:1 1 400px;min-width:320px;max-width:500px;\">\n            \n            <h2 class=\"wp-block-heading\" style=\"font-size:36px;margin-top:0;margin-bottom:32px;\">We bring our expertise to protect your interests.<\/h2>\n            \n            \n            \n            \n            <h3 class=\"wp-block-heading has-text-color\" style=\"color:#d4af37;font-size:24px\">Office<\/h3>\n            \n            \n            \n            <p style=\"font-size:18px\">762 Monse\u00f1or Roca Av. and Bolo\u00f1a Av.<br>Miraflores, 15048, Lima, Peru<\/p>\n            \n            \n            \n            <h3 class=\"wp-block-heading has-text-color\" style=\"color:#d4af37;font-size:24px\">Phone<\/h3>\n            \n            \n            \n            <p style=\"font-size:18px\">+51 1 267 58 97<br>+51 969 272 511<\/p>\n            \n            \n            \n            <h3 class=\"wp-block-heading has-text-color\" style=\"color:#d4af37;font-size:24px\">Email<\/h3>\n            \n            \n            \n            <p style=\"font-size:18px\">estudio@vmrfirma.com.pe<\/p>\n            \n        <\/div>\n        \n        \n        \n        <div class=\"wp-block-group is-layout-flow wp-block-group-is-layout-flow\" style=\"padding-top:0;padding-bottom:0;padding-left:0;padding-right:0;flex:1 1 400px;min-width:320px;max-width:500px;\">\n            \n            <h2 class=\"wp-block-heading\" style=\"font-size:36px;margin-top:0;margin-bottom:32px;\">CONTACT US<\/h2>\n            \n            \n            \n            <hr class=\"wp-block-separator has-text-color has-d4af37-color has-alpha-channel-opacity has-d4af37-background-color has-background is-style-wide\"\/>\n            \n            \n            \n            <p style=\"font-size:18px\">To arrange a meeting, request further information, or submit an inquiry, please contact us using this form.<\/p>\n            \n            \n\n<div style=\"display:flex;flex-direction:column;gap:8px;\">\n    \n<div class=\"wpcf7 no-js\" id=\"wpcf7-f1049-o1\" lang=\"es-PE\" dir=\"ltr\" data-wpcf7-id=\"1049\">\n<div class=\"screen-reader-response\"><p role=\"status\" aria-live=\"polite\" aria-atomic=\"true\"><\/p> <ul><\/ul><\/div>\n<form action=\"\/en\/wp-json\/wp\/v2\/pages\/97#wpcf7-f1049-o1\" method=\"post\" class=\"wpcf7-form init\" aria-label=\"Contact form\" novalidate=\"novalidate\" data-status=\"init\" data-trp-original-action=\"\/en\/wp-json\/wp\/v2\/pages\/97#wpcf7-f1049-o1\">\n<fieldset class=\"hidden-fields-container\"><input type=\"hidden\" name=\"_wpcf7\" value=\"1049\" \/><input type=\"hidden\" name=\"_wpcf7_version\" value=\"6.1.2\" \/><input type=\"hidden\" name=\"_wpcf7_locale\" value=\"es_PE\" \/><input type=\"hidden\" name=\"_wpcf7_unit_tag\" value=\"wpcf7-f1049-o1\" \/><input type=\"hidden\" name=\"_wpcf7_container_post\" value=\"0\" \/><input type=\"hidden\" name=\"_wpcf7_posted_data_hash\" value=\"\" \/>\n<\/fieldset>\n<div class=\"formulario-personalizado\">\n\t<p><label> Name<br \/>\n<span class=\"wpcf7-form-control-wrap\" data-name=\"nombre\"><input size=\"40\" maxlength=\"400\" class=\"wpcf7-form-control wpcf7-text wpcf7-validates-as-required input-personalizado\" autocomplete=\"name\" aria-required=\"true\" aria-invalid=\"false\" placeholder=\"Name\" value=\"\" type=\"text\" name=\"nombre\" \/><\/span> <\/label>\n\t<\/p>\n\t<p><label> Surname<br \/>\n<span class=\"wpcf7-form-control-wrap\" data-name=\"apellidos\"><input size=\"40\" maxlength=\"400\" class=\"wpcf7-form-control wpcf7-text input-personalizado\" aria-invalid=\"false\" placeholder=\"Surname\" value=\"\" type=\"text\" name=\"apellidos\" \/><\/span> <\/label>\n\t<\/p>\n\t<p><label> E-mail<br \/>\n<span class=\"wpcf7-form-control-wrap\" data-name=\"your-email\"><input size=\"40\" maxlength=\"400\" class=\"wpcf7-form-control wpcf7-email wpcf7-validates-as-required wpcf7-text wpcf7-validates-as-email input-personalizado\" aria-required=\"true\" aria-invalid=\"false\" placeholder=\"Mailing *\" value=\"\" type=\"email\" name=\"your-email\" \/><\/span> <\/label>\n\t<\/p>\n\t<p><label> Phone<br \/>\n<span class=\"wpcf7-form-control-wrap\" data-name=\"telefono\"><input size=\"40\" maxlength=\"400\" class=\"wpcf7-form-control wpcf7-tel wpcf7-text wpcf7-validates-as-tel input-personalizado\" aria-invalid=\"false\" placeholder=\"Phone\" value=\"\" type=\"tel\" name=\"telefono\" \/><\/span> <\/label>\n\t<\/p>\n\t<p><label> Message or comment<br \/>\n<span class=\"wpcf7-form-control-wrap\" data-name=\"mensaje\"><textarea cols=\"40\" rows=\"10\" maxlength=\"2000\" class=\"wpcf7-form-control wpcf7-textarea textarea-personalizado\" aria-invalid=\"false\" placeholder=\"Message or comment\" name=\"mensaje\"><\/textarea><\/span> <\/label>\n\t<\/p>\n\t<p><input class=\"wpcf7-form-control wpcf7-submit has-spinner boton-personalizado\" type=\"submit\" value=\"SEND\" \/>\n\t<\/p>\n<\/div>\n<style>\n.boton-personalizado {\n background: #d4af37 !important;\n color: #fff !important;\n padding: 14px 0 !important;\n border: none !important;\n border-radius: 6px !important;\n font-size: 18px !important;\n font-weight: 700 !important;\n width: 100% !important;\n margin-top: 8px !important;\n cursor: pointer !important;\n transition: background 0.2s !important;\n}\n\n.boton-personalizado:hover {\n background: #b8941f !important;\n}\n<\/style><div class=\"wpcf7-response-output\" aria-hidden=\"true\"><\/div>\n<input type=\"hidden\" name=\"trp-form-language\" value=\"en\"\/><\/form>\n<\/div>\n\n<\/div>\n\n        <\/div>\n        \n    <\/div>\n    \n<\/div>\n\n\n\n<div class=\"wp-block-group alignfull has-background is-layout-constrained wp-block-group-is-layout-constrained\" style=\"background-color:#ffffff;padding-top:80px;padding-bottom:80px;\">\n    \n    <div class=\"wp-block-group alignwide is-layout-constrained wp-container-core-group-is-layout-639b5052 wp-block-group-is-layout-constrained\" style=\"padding-top:0;padding-bottom:0;padding-left:0;padding-right:0\">\n        \n        <h2 class=\"wp-block-heading has-text-align-center\" style=\"font-size:42px\">Publications<\/h2>\n        \n        \n        \n        <hr class=\"wp-block-separator has-text-color has-d4af37-color has-alpha-channel-opacity has-d4af37-background-color has-background is-style-wide\"\/>\n        \n        \n    <\/div>\n    \n    \n    \n    <div style=\"height:40px\" aria-hidden=\"true\" class=\"wp-block-spacer\"><\/div>\n    \n    \n    \n    <div class=\"wp-block-group alignwide is-layout-constrained wp-block-group-is-layout-constrained\">\n        \n        <div class=\"wp-block-query is-layout-flow wp-block-query-is-layout-flow\">\n            \n            \n            \n            \n            <div class=\"wp-block-query-no-results\">\n            \n            <p class=\"has-d4af37-color has-f5f5f5-background-color has-text-color has-background\">No publications were found.<\/p>\n            \n            <\/div>\n        <\/div>\n        \n    <\/div>\n    \n<\/div>","protected":false},"excerpt":{"rendered":"<p>Ponemos a su disposici\u00f3n nuestra experiencia para proteger sus intereses. Oficina Av Monse\u00f1or Roca y Bolo\u00f1a, 762Miraflores, 15048, Lima, Per\u00fa [&hellip;]<\/p>","protected":false},"author":1,"featured_media":0,"parent":0,"menu_order":0,"comment_status":"closed","ping_status":"closed","template":"","meta":{"site-sidebar-layout":"default","site-content-layout":"","ast-site-content-layout":"default","site-content-style":"default","site-sidebar-style":"default","ast-global-header-display":"","ast-banner-title-visibility":"","ast-main-header-display":"","ast-hfb-above-header-display":"","ast-hfb-below-header-display":"","ast-hfb-mobile-header-display":"","site-post-title":"disabled","ast-breadcrumbs-content":"","ast-featured-img":"","footer-sml-layout":"","theme-transparent-header-meta":"","adv-header-id-meta":"","stick-header-meta":"","header-above-stick-meta":"","header-main-stick-meta":"","header-below-stick-meta":"","astra-migrate-meta-layouts":"default","ast-page-background-enabled":"default","ast-page-background-meta":{"desktop":{"background-color":"var(--ast-global-color-5)","background-image":"","background-repeat":"repeat","background-position":"center center","background-size":"auto","background-attachment":"scroll","background-type":"","background-media":"","overlay-type":"","overlay-color":"","overlay-opacity":"","overlay-gradient":""},"tablet":{"background-color":"","background-image":"","background-repeat":"repeat","background-position":"center center","background-size":"auto","background-attachment":"scroll","background-type":"","background-media":"","overlay-type":"","overlay-color":"","overlay-opacity":"","overlay-gradient":""},"mobile":{"background-color":"","background-image":"","background-repeat":"repeat","background-position":"center center","background-size":"auto","background-attachment":"scroll","background-type":"","background-media":"","overlay-type":"","overlay-color":"","overlay-opacity":"","overlay-gradient":""}},"ast-content-background-meta":{"desktop":{"background-color":"var(--ast-global-color-4)","background-image":"","background-repeat":"repeat","background-position":"center center","background-size":"auto","background-attachment":"scroll","background-type":"","background-media":"","overlay-type":"","overlay-color":"","overlay-opacity":"","overlay-gradient":""},"tablet":{"background-color":"var(--ast-global-color-4)","background-image":"","background-repeat":"repeat","background-position":"center center","background-size":"auto","background-attachment":"scroll","background-type":"","background-media":"","overlay-type":"","overlay-color":"","overlay-opacity":"","overlay-gradient":""},"mobile":{"background-color":"var(--ast-global-color-4)","background-image":"","background-repeat":"repeat","background-position":"center center","background-size":"auto","background-attachment":"scroll","background-type":"","background-media":"","overlay-type":"","overlay-color":"","overlay-opacity":"","overlay-gradient":""}},"footnotes":""},"class_list":["post-97","page","type-page","status-publish","hentry"],"_links":{"self":[{"href":"https:\/\/vmrfirma.com.pe\/en\/wp-json\/wp\/v2\/pages\/97","targetHints":{"allow":["GET"]}}],"collection":[{"href":"https:\/\/vmrfirma.com.pe\/en\/wp-json\/wp\/v2\/pages"}],"about":[{"href":"https:\/\/vmrfirma.com.pe\/en\/wp-json\/wp\/v2\/types\/page"}],"author":[{"embeddable":true,"href":"https:\/\/vmrfirma.com.pe\/en\/wp-json\/wp\/v2\/users\/1"}],"replies":[{"embeddable":true,"href":"https:\/\/vmrfirma.com.pe\/en\/wp-json\/wp\/v2\/comments?post=97"}],"version-history":[{"count":31,"href":"https:\/\/vmrfirma.com.pe\/en\/wp-json\/wp\/v2\/pages\/97\/revisions"}],"predecessor-version":[{"id":1053,"href":"https:\/\/vmrfirma.com.pe\/en\/wp-json\/wp\/v2\/pages\/97\/revisions\/1053"}],"wp:attachment":[{"href":"https:\/\/vmrfirma.com.pe\/en\/wp-json\/wp\/v2\/media?parent=97"}],"curies":[{"name":"wp","href":"https:\/\/api.w.org\/{rel}","templated":true}]}}