{"id":326,"date":"2025-08-26T17:27:04","date_gmt":"2025-08-26T22:27:04","guid":{"rendered":"https:\/\/vmrfirma.com.pe\/?page_id=326"},"modified":"2025-09-29T22:02:58","modified_gmt":"2025-09-30T03:02:58","slug":"ambiental-corporativo","status":"publish","type":"page","link":"https:\/\/vmrfirma.com.pe\/en\/ambiental-corporativo\/","title":{"rendered":"Environmental"},"content":{"rendered":"<section class=\"wp-block-group has-background\" style=\"background-color:#ffffff;margin-top:0;margin-bottom:0;padding-top:40px;padding-bottom:40px;padding-left:20px;padding-right:20px;\">\n    \n<style>\n.ambiental-section-modificado {\n    font-family: 'Georgia', 'Times New Roman', serif;\n    max-width: 1200px;\n    margin: 0 auto;\n}\n.ambiental-title-modificado {\n    color: #2C2C2C;\n    font-weight: 800;\n    text-align: center;\n    margin-bottom: 15px;\n    font-size: 42px;\n    letter-spacing: 1.5px;\n    text-transform: uppercase;\n    position: relative;\n    padding-bottom: 15px;\n}\n.ambiental-title-modificado:after {\n    content: '';\n    position: absolute;\n    bottom: 0;\n    left: 50%;\n    transform: translateX(-50%);\n    width: 120px;\n    height: 3px;\n    background: linear-gradient(90deg, #D4AF37, #E8C252);\n    border-radius: 2px;\n}\n\n\/* PIR\u00c1MIDE INVERTIDA - 3 ARRIBA OCUPANDO TODO EL ANCHO, 2 ABAJO *\/\n.contenedor-piramide-ambiental {\n  display: flex;\n  flex-direction: column;\n  align-items: center;\n  gap: 20px; \/* Espacio entre filas *\/\n  margin-bottom: 40px;\n  width: 100%;\n}\n.fila-superior-ambiental {\n  display: flex;\n  gap: 15px; \/* Espacio entre bullets *\/\n  justify-content: space-between; \/* Distribuye el espacio uniformemente *\/\n  width: 100%;\n}\n.fila-inferior-ambiental {\n  display: flex;\n  gap: 15px; \/* Espacio entre bullets *\/\n  justify-content: center;\n  width: 66.66%; \/* 2\/3 del ancho para mantener la pir\u00e1mide *\/\n}\n.ambiental-service-item-modificado {\n    background: #F5F5F5;\n    padding: 25px 15px;\n    border-radius: 8px;\n    text-align: center;\n    transition: all 0.3s ease;\n    border: 2px solid transparent;\n    height: 140px; \/* ALTO UNIFORME PARA TODOS *\/\n    display: flex;\n    flex-direction: column;\n    justify-content: center;\n    align-items: center;\n    flex: 1; \/* OCUPAN TODO EL ESPACIO DISPONIBLE *\/\n    min-width: 0; \/* Permite que se ajusten correctamente *\/\n}\n.ambiental-service-item-modificado:hover {\n    transform: translateY(-3px);\n    border-color: #D4AF37;\n    box-shadow: 0 5px 20px rgba(212, 175, 55, 0.15);\n}\n.ambiental-service-icon-modificado {\n    font-size: 36px;\n    color: #D4AF37;\n    margin-bottom: 12px;\n    display: block;\n}\n.ambiental-service-text-modificado {\n    color: #2C2C2C;\n    font-size: 18px;\n    font-weight: 600;\n    margin: 0;\n    line-height: 1.2;\n    padding: 0 10px;\n}\n.ambiental-content-container {\n    display: grid;\n    grid-template-columns: 1fr 1fr;\n    gap: 50px;\n    align-items: stretch;\n    min-height: 500px;\n}\n.ambiental-text-column {\n    display: flex;\n    flex-direction: column;\n    gap: 35px;\n}\n\/* ESTILO MEJORADO DEL FONDO OSCURO *\/\n.ambiental-highlight-box-modificado {\n    background: #2C2C2C;\n    color: #FFFFFF;\n    padding: 40px;\n    border-radius: 10px;\n    border-left: 5px solid #D4AF37;\n    text-align: center;\n    width: 100%;\n}\n.ambiental-highlight-text-modificado {\n    font-size: 20px;\n    line-height: 1.6;\n    margin: 0;\n    font-weight: 500;\n    text-align: center;\n}\n.ambiental-highlight-modificado {\n    color: #D4AF37;\n    font-weight: 700;\n}\n.ambiental-description-content {\n    display: flex;\n    flex-direction: column;\n    gap: 25px;\n}\n.ambiental-description-modificado {\n    font-size: 18px;\n    line-height: 1.7;\n    color: #555555;\n    margin: 0;\n    text-align: left;\n}\n.ambiental-image-column {\n    height: 100%;\n    display: flex;\n    align-items: stretch;\n}\n.ambiental-image-container {\n    border-radius: 10px;\n    overflow: hidden;\n    box-shadow: 0 15px 40px rgba(0,0,0,0.1);\n    height: 100%;\n    min-height: 500px;\n    width: 100%;\n    position: relative;\n}\n.ambiental-image-container img {\n    width: 100%;\n    height: 100%;\n    object-fit: cover;\n    object-position: center;\n    display: block;\n    position: absolute;\n    top: 0;\n    left: 0;\n}\n\n\/* Responsive *\/\n@media (max-width: 1024px) {\n    .ambiental-content-container {\n        grid-template-columns: 1fr;\n        gap: 35px;\n        min-height: auto;\n    }\n    .ambiental-image-container {\n        min-height: 400px;\n        order: -1;\n    }\n    .ambiental-service-item-modificado {\n        height: 140px; \/* MANTENER ALTO UNIFORME *\/\n        padding: 20px 12px;\n    }\n}\n\n@media (max-width: 768px) {\n    .contenedor-piramide-ambiental {\n        gap: 15px;\n    }\n    .fila-superior-ambiental, .fila-inferior-ambiental {\n        gap: 10px;\n    }\n    .fila-superior-ambiental {\n        flex-direction: column; \/* En m\u00f3vil, los 3 arriba en columna *\/\n    }\n    .fila-inferior-ambiental {\n        width: 100%; \/* En m\u00f3vil ocupan todo el ancho *\/\n        flex-direction: column;\n    }\n    .ambiental-service-item-modificado {\n        height: 120px; \/* Un poco m\u00e1s bajo en m\u00f3vil *\/\n        padding: 18px 10px;\n        width: 100%;\n    }\n    .ambiental-service-icon-modificado {\n        font-size: 32px;\n        margin-bottom: 10px;\n    }\n    .ambiental-service-text-modificado {\n        font-size: 16px;\n    }\n    .ambiental-title-modificado {\n        font-size: 36px;\n        margin-bottom: 10px;\n    }\n    .ambiental-highlight-box-modificado {\n        padding: 30px;\n    }\n    .ambiental-image-container {\n        min-height: 350px;\n    }\n}\n\n\/* Estilos adicionales para compatibilidad *\/\n.wp-block-group.has-background .has-text-color strong {\n    color: #D4AF37 !important;\n    font-weight: 700;\n}\n\n\/* Asegurar que FontAwesome funcione *\/\n.ambiental-service-icon-modificado {\n    font-family: 'Font Awesome 5 Free' !important;\n    font-weight: 900 !important;\n}\n\n@media (max-width: 1024px) {\n    .wp-block-columns:not(.is-not-stacked-on-mobile) > .wp-block-column {\n        flex-basis: 100% !important;\n        flex-grow: 1;\n    }\n}\n\n@media (max-width: 768px) {\n    .ambiental-image-container img {\n        height: 350px;\n        object-fit: cover;\n    }\n}\n<\/style>\n\n<div class=\"ambiental-section-modificado is-layout-constrained wp-container-core-group-is-layout-321cfe08 wp-block-group-is-layout-constrained\">\n\n<!-- T\u00cdTULO MEJORADO -->\n\n<h1 class=\"wp-block-heading has-text-align-center ambiental-title-modificado\">ENVIRONMENTAL<\/h1>\n\n\n<!-- BULLETS EN PIR\u00c1MIDE INVERTIDA - 3 ARRIBA OCUPANDO TODO EL ANCHO, 2 ABAJO -->\n\n<div class=\"contenedor-piramide-ambiental\">\n    <!-- Fila superior con 3 elementos ocupando todo el ancho -->\n    <div class=\"fila-superior-ambiental\">\n        <div class=\"ambiental-service-item-modificado\">\n            <i class=\"fas fa-bolt ambiental-service-icon-modificado\"><\/i>\n            <h3 class=\"ambiental-service-text-modificado\">Energy<\/h3>\n        <\/div>\n        <div class=\"ambiental-service-item-modificado\">\n            <i class=\"fas fa-tint ambiental-service-icon-modificado\"><\/i>\n            <h3 class=\"ambiental-service-text-modificado\">Water Resources and Sanitation<\/h3>\n        <\/div>\n        <div class=\"ambiental-service-item-modificado\">\n            <i class=\"fas fa-shield-alt ambiental-service-icon-modificado\"><\/i>\n            <h3 class=\"ambiental-service-text-modificado\">Environmental Crimes and Prevention Strategies<\/h3>\n        <\/div>\n    <\/div>\n    \n    <!-- Fila inferior con 2 elementos centrados -->\n    <div class=\"fila-inferior-ambiental\">\n        <div class=\"ambiental-service-item-modificado\">\n            <i class=\"fas fa-file-alt ambiental-service-icon-modificado\"><\/i>\n            <h3 class=\"ambiental-service-text-modificado\">Environmental Permits, Licenses, and Oversight<\/h3>\n        <\/div>\n        <div class=\"ambiental-service-item-modificado\">\n            <i class=\"fas fa-leaf ambiental-service-icon-modificado\"><\/i>\n            <h3 class=\"ambiental-service-text-modificado\">Projects with Environmental and Social Impact<\/h3>\n        <\/div>\n    <\/div>\n<\/div>\n\n\n<!-- CONTENIDO PRINCIPAL MEJORADO -->\n\n<div class=\"ambiental-content-container\">\n    <!-- Columna de texto -->\n    <div class=\"ambiental-text-column\">\n        <!-- FONDO OSCURO MEJORADO -->\n        \n        <div class=\"wp-block-group has-background is-layout-constrained wp-container-core-group-is-layout-c0cfdc9a wp-block-group-is-layout-constrained\" style=\"border-radius:10px;border-left-color:#d4af37;border-left-width:5px;background-color:#2c2c2c;padding-top:40px;padding-bottom:40px;padding-left:40px;padding-right:40px\">\n            \n            <p class=\"has-text-color\" style=\"color:#ffffff;font-size:20px;font-weight:500;line-height:1.6\">We provide comprehensive legal counsel to companies and projects with <strong style=\"color:#d4af37\">environmental and social impact<\/strong>, particularly in sectors such as energy, water resources, and sanitation.<\/p>\n            \n        <\/div>\n        \n        \n        <div class=\"ambiental-description-content\">\n            <p class=\"ambiental-description-modificado\">We assist our clients in obtaining licenses, permits, and certifications, as well as in ensuring regulatory compliance and addressing environmental oversight procedures.<\/p>\n            \n            <p class=\"ambiental-description-modificado\">We also support the prevention and management of environmental contingencies and adaptation to new regulatory frameworks, with a technical-legal approach, strategic vision, and a clear understanding of business environments.<\/p>\n        <\/div>\n    <\/div>\n    \n    <!-- Columna de imagen -->\n    <div class=\"ambiental-image-column\">\n        <div class=\"ambiental-image-container\">\n            <img decoding=\"async\" src=\"https:\/\/vmrfirma.com.pe\/wp-content\/uploads\/2025\/09\/AMBIENTAL-2-scaled.jpg\" alt=\"Derecho Ambiental\" \/>\n        <\/div>\n    <\/div>\n<\/div>\n\n\n<\/div>\n\n<\/section>\n\n\n\n<script src=\"https:\/\/kit.fontawesome.com\/a076d05399.js\" crossorigin=\"anonymous\"><\/script>","protected":false},"excerpt":{"rendered":"<p>AMBIENTAL Energ\u00eda Recursos h\u00eddricos y saneamiento Delitos ambientales y estrategias de prevenci\u00f3n Licencias, permisos y fiscalizaci\u00f3n ambiental Proyectos con impacto [&hellip;]<\/p>","protected":false},"author":1,"featured_media":0,"parent":0,"menu_order":0,"comment_status":"closed","ping_status":"closed","template":"","meta":{"site-sidebar-layout":"default","site-content-layout":"","ast-site-content-layout":"default","site-content-style":"default","site-sidebar-style":"default","ast-global-header-display":"","ast-banner-title-visibility":"","ast-main-header-display":"","ast-hfb-above-header-display":"","ast-hfb-below-header-display":"","ast-hfb-mobile-header-display":"","site-post-title":"disabled","ast-breadcrumbs-content":"","ast-featured-img":"","footer-sml-layout":"","theme-transparent-header-meta":"","adv-header-id-meta":"","stick-header-meta":"","header-above-stick-meta":"","header-main-stick-meta":"","header-below-stick-meta":"","astra-migrate-meta-layouts":"default","ast-page-background-enabled":"default","ast-page-background-meta":{"desktop":{"background-color":"var(--ast-global-color-5)","background-image":"","background-repeat":"repeat","background-position":"center center","background-size":"auto","background-attachment":"scroll","background-type":"","background-media":"","overlay-type":"","overlay-color":"","overlay-opacity":"","overlay-gradient":""},"tablet":{"background-color":"","background-image":"","background-repeat":"repeat","background-position":"center center","background-size":"auto","background-attachment":"scroll","background-type":"","background-media":"","overlay-type":"","overlay-color":"","overlay-opacity":"","overlay-gradient":""},"mobile":{"background-color":"","background-image":"","background-repeat":"repeat","background-position":"center center","background-size":"auto","background-attachment":"scroll","background-type":"","background-media":"","overlay-type":"","overlay-color":"","overlay-opacity":"","overlay-gradient":""}},"ast-content-background-meta":{"desktop":{"background-color":"var(--ast-global-color-4)","background-image":"","background-repeat":"repeat","background-position":"center center","background-size":"auto","background-attachment":"scroll","background-type":"","background-media":"","overlay-type":"","overlay-color":"","overlay-opacity":"","overlay-gradient":""},"tablet":{"background-color":"var(--ast-global-color-4)","background-image":"","background-repeat":"repeat","background-position":"center center","background-size":"auto","background-attachment":"scroll","background-type":"","background-media":"","overlay-type":"","overlay-color":"","overlay-opacity":"","overlay-gradient":""},"mobile":{"background-color":"var(--ast-global-color-4)","background-image":"","background-repeat":"repeat","background-position":"center center","background-size":"auto","background-attachment":"scroll","background-type":"","background-media":"","overlay-type":"","overlay-color":"","overlay-opacity":"","overlay-gradient":""}},"footnotes":""},"class_list":["post-326","page","type-page","status-publish","hentry"],"_links":{"self":[{"href":"https:\/\/vmrfirma.com.pe\/en\/wp-json\/wp\/v2\/pages\/326","targetHints":{"allow":["GET"]}}],"collection":[{"href":"https:\/\/vmrfirma.com.pe\/en\/wp-json\/wp\/v2\/pages"}],"about":[{"href":"https:\/\/vmrfirma.com.pe\/en\/wp-json\/wp\/v2\/types\/page"}],"author":[{"embeddable":true,"href":"https:\/\/vmrfirma.com.pe\/en\/wp-json\/wp\/v2\/users\/1"}],"replies":[{"embeddable":true,"href":"https:\/\/vmrfirma.com.pe\/en\/wp-json\/wp\/v2\/comments?post=326"}],"version-history":[{"count":38,"href":"https:\/\/vmrfirma.com.pe\/en\/wp-json\/wp\/v2\/pages\/326\/revisions"}],"predecessor-version":[{"id":1083,"href":"https:\/\/vmrfirma.com.pe\/en\/wp-json\/wp\/v2\/pages\/326\/revisions\/1083"}],"wp:attachment":[{"href":"https:\/\/vmrfirma.com.pe\/en\/wp-json\/wp\/v2\/media?parent=326"}],"curies":[{"name":"wp","href":"https:\/\/api.w.org\/{rel}","templated":true}]}}